{"id":1962,"date":"2023-10-23T22:23:58","date_gmt":"2023-10-24T02:23:58","guid":{"rendered":"https:\/\/www.aspiredental.com\/?page_id=1962"},"modified":"2024-02-05T02:06:59","modified_gmt":"2024-02-05T07:06:59","slug":"formularios-para-pacientes","status":"publish","type":"page","link":"https:\/\/www.aspiredental.com\/es\/patient-forms\/","title":{"rendered":"Formularios para pacientes"},"content":{"rendered":"<div class=\"row\"  id=\"row-1717249887\">\n\n\t<div id=\"col-1943764734\" class=\"col medium-8 small-12 large-8\"  >\n\t\t\t\t<div class=\"col-inner\"  >\n\t\t\t\n\t\t\t\n<h1><span style=\"font-size: 120%;\">Formularios para pacientes<\/span><\/h1>\n<div class=\"is-divider divider clearfix\" ><\/div>\n<h3><span data-text-color=\"secondary\">Su tiempo nos importa<\/span><\/h3>\n<p>Por favor, imprima los siguientes formularios y rell\u00e9nelos para traerlos a su primera cita. Gracias y esperamos verle pronto.<\/p>\n<ul>\n<li class=\"bullet-arrow\"><a href=\"https:\/\/www.aspiredental.com\/wp-content\/uploads\/2023\/10\/Patient-Information.pdf\"><strong>Informaci\u00f3n para el paciente<\/strong><\/a><\/li>\n<li class=\"bullet-arrow\"><a href=\"https:\/\/www.aspiredental.com\/wp-content\/uploads\/2023\/10\/Assignment-of-Benefits-Agreement.pdf\"><strong>Acuerdo de cesi\u00f3n de prestaciones<\/strong><\/a><\/li>\n<li class=\"bullet-arrow\"><a href=\"https:\/\/www.aspiredental.com\/wp-content\/uploads\/2023\/10\/Dental-History.pdf\"><strong>Historia dental<\/strong><\/a><\/li>\n<\/ul>\n<h3><span data-text-color=\"secondary\">Formularios para pacientes de cirug\u00eda oral<\/span><\/h3>\n<ul>\n<li class=\"bullet-arrow\"><a href=\"https:\/\/www.aspiredental.com\/wp-content\/uploads\/2023\/10\/Disclosure-Consent.pdf\"><strong>Divulgaci\u00f3n y consentimiento<\/strong><\/a><\/li>\n<li class=\"bullet-arrow\"><a href=\"https:\/\/www.aspiredental.com\/wp-content\/uploads\/2023\/10\/Medical-History.pdf\"><strong>Historial m\u00e9dico<\/strong><\/a><\/li>\n<li class=\"bullet-arrow\"><a href=\"https:\/\/www.aspiredental.com\/wp-content\/uploads\/2023\/10\/Preoperative.pdf\"><strong>Preoperatorio<\/strong><\/a><\/li>\n<li class=\"bullet-arrow\"><a href=\"https:\/\/www.aspiredental.com\/wp-content\/uploads\/2023\/10\/Post-Operative-Dr.-Burden.pdf\"><strong>Post-Operatorio (Dr. Burden)<\/strong><\/a><\/li>\n<li class=\"bullet-arrow\"><a href=\"https:\/\/www.aspiredental.com\/wp-content\/uploads\/2023\/10\/Supplemental-Disclosure.pdf\"><strong>Informaci\u00f3n complementaria<\/strong><\/a><\/li>\n<\/ul>\n<h3><span data-text-color=\"secondary\">Formularios e instrucciones postoperatorias<\/span><\/h3>\n<ul>\n<li class=\"bullet-arrow\"><a href=\"https:\/\/www.aspiredental.com\/wp-content\/uploads\/2023\/10\/Post-Operative-Extraction-Instructions.pdf\"><strong>Instrucciones postoperatorias de extracci\u00f3n<\/strong><\/a><\/li>\n<li class=\"bullet-arrow\"><a href=\"https:\/\/www.aspiredental.com\/wp-content\/uploads\/2023\/10\/Soft-Tissue-Management-Treatment-for-Periodontitis-Infected-Gums.pdf\"><strong>Tratamiento de los tejidos blandos: Tratamiento de la periodontitis (enc\u00edas infectadas)<\/strong><\/a><\/li>\n<li class=\"bullet-arrow\"><a href=\"https:\/\/www.aspiredental.com\/wp-content\/uploads\/2023\/10\/Healing-After-a-Root-Canal.pdf\"><strong>Curaci\u00f3n tras una endodoncia<\/strong><\/a><\/li>\n<li class=\"bullet-arrow\"><a href=\"https:\/\/www.aspiredental.com\/wp-content\/uploads\/2023\/10\/Temporary-Crowns-or-Bridges.pdf\"><strong>Coronas o puentes provisionales<\/strong><\/a><\/li>\n<li class=\"bullet-arrow\"><a href=\"https:\/\/www.aspiredental.com\/wp-content\/uploads\/2023\/10\/Teeth-Whitening.pdf\"><strong>Blanqueamiento dental<\/strong><\/a><\/li>\n<\/ul>\n<p><strong><a href=\"https:\/\/www.adobe.com\/products\/acrobat\/readstep2.html\" target=\"_blank\" rel=\"noopener noreferrer\">Haga clic aqu\u00ed para descargar Adobe Acrobat para ver\/imprimir los formularios<\/a><\/strong><\/p>\n<p>Ll\u00e1menos hoy mismo si tiene preguntas o para concertar una cita.<\/p>\n\t\t<\/div>\n\t\t\t\t\t<\/div>\n\n\t\n\n\t<div id=\"col-79948839\" class=\"col medium-4 small-12 large-4\"  >\n\t\t\t\t<div class=\"col-inner\"  >\n\t\t\t\n\t\t\t\n<ul class=\"sidebar-wrapper ul-reset\"><aside id=\"text-14\" class=\"widget widget_text\">\t\t\t<div class=\"textwidget\"><p><a href=\"\/es\/videos\/\"><img loading=\"lazy\" decoding=\"async\" class=\"alignnone size-full wp-image-867\" src=\"https:\/\/www.aspiredental.com\/wp-content\/uploads\/2023\/10\/VIDEO-LIBRARY.png\" alt=\"\" width=\"600\" height=\"172\" srcset=\"https:\/\/www.aspiredental.com\/wp-content\/uploads\/2023\/10\/VIDEO-LIBRARY.png 600w, https:\/\/www.aspiredental.com\/wp-content\/uploads\/2023\/10\/VIDEO-LIBRARY-18x5.png 18w\" sizes=\"auto, (max-width: 600px) 100vw, 600px\" \/><\/a><\/p>\n<\/div>\n\t\t<\/aside><aside id=\"text-13\" class=\"widget widget_text\">\t\t\t<div class=\"textwidget\"><div class=\"wpcf7 no-js\" id=\"wpcf7-f9-o1\" lang=\"en-US\" dir=\"ltr\" data-wpcf7-id=\"9\">\n<div class=\"screen-reader-response\">\n<p role=\"status\" aria-live=\"polite\" aria-atomic=\"true\">\n<ul><\/ul>\n<\/div>\n<form action=\"\/es\/wp-json\/wp\/v2\/pages\/1962#wpcf7-f9-o1\" method=\"post\" class=\"wpcf7-form init cf7mls-no-scroll cf7mls-no-moving-animation\" aria-label=\"Formulario de contacto\" novalidate=\"novalidate\" data-status=\"init\" data-trp-original-action=\"\/es\/wp-json\/wp\/v2\/pages\/1962#wpcf7-f9-o1\">\n<fieldset class=\"hidden-fields-container\"><input type=\"hidden\" name=\"_wpcf7\" value=\"9\" \/><input type=\"hidden\" name=\"_wpcf7_version\" value=\"6.1.5\" \/><input type=\"hidden\" name=\"_wpcf7_locale\" value=\"en_US\" \/><input type=\"hidden\" name=\"_wpcf7_unit_tag\" value=\"wpcf7-f9-o1\" \/><input type=\"hidden\" name=\"_wpcf7_container_post\" value=\"0\" \/><input type=\"hidden\" name=\"_wpcf7_posted_data_hash\" value=\"\" \/><input type=\"hidden\" name=\"_wpcf7cf_hidden_group_fields\" value=\"[]\" \/><input type=\"hidden\" name=\"_wpcf7cf_hidden_groups\" value=\"[]\" \/><input type=\"hidden\" name=\"_wpcf7cf_visible_groups\" value=\"[]\" \/><input type=\"hidden\" name=\"_wpcf7cf_repeaters\" value=\"[]\" \/><input type=\"hidden\" name=\"_wpcf7cf_steps\" value=\"{}\" \/><input type=\"hidden\" name=\"_wpcf7cf_options\" value=\"{&quot;form_id&quot;:9,&quot;conditions&quot;:[],&quot;settings&quot;:{&quot;animation&quot;:&quot;yes&quot;,&quot;animation_intime&quot;:200,&quot;animation_outtime&quot;:200,&quot;conditions_ui&quot;:&quot;normal&quot;,&quot;notice_dismissed&quot;:false}}\" \/><br \/>\n<\/fieldset>\n<p><center><\/p>\n<h3>SOLICITAR UNA CITA<br \/>\n\t<\/h3>\n<p><\/center><\/p>\n<hr \/>\n<p><center><\/p>\n<p><span class=\"wpcf7-form-control-wrap\" data-name=\"your-name\"><input size=\"40\" maxlength=\"400\" class=\"wpcf7-form-control wpcf7-text wpcf7-validates-as-required\" aria-required=\"true\" aria-invalid=\"false\" placeholder=\"Nombre\" value=\"\" type=\"text\" name=\"your-name\" \/><\/span>\n\t<\/p>\n<p><span class=\"wpcf7-form-control-wrap\" data-name=\"your-email\"><input size=\"40\" maxlength=\"400\" class=\"wpcf7-form-control wpcf7-email wpcf7-validates-as-required wpcf7-text wpcf7-validates-as-email\" aria-required=\"true\" aria-invalid=\"false\" placeholder=\"Correo electr\u00f3nico\" value=\"\" type=\"email\" name=\"your-email\" \/><\/span>\n\t<\/p>\n<p><span class=\"wpcf7-form-control-wrap\" data-name=\"tel-545\"><input size=\"40\" maxlength=\"400\" class=\"wpcf7-form-control wpcf7-tel wpcf7-text wpcf7-validates-as-tel\" aria-invalid=\"false\" placeholder=\"N\u00famero de tel\u00e9fono\" value=\"\" type=\"tel\" name=\"tel-545\" \/><\/span>\n\t<\/p>\n<p><span class=\"wpcf7-form-control-wrap\" data-name=\"your-message\"><textarea cols=\"40\" rows=\"10\" maxlength=\"2000\" class=\"wpcf7-form-control wpcf7-textarea\" aria-invalid=\"false\" placeholder=\"\u00bfEn qu\u00e9 podemos ayudarle? (Consulta de Implantes Gratuita, $99 Especial Nuevos Pacientes, Emergencia Dental, etc.)\" name=\"your-message\"><\/textarea><\/span>\n\t<\/p>\n<p><input class=\"wpcf7-form-control wpcf7-submit has-spinner button\" type=\"submit\" value=\"Enviar solicitud\" \/>\n\t<\/p>\n<p><\/center><input\n                    class=\"apbct_special_field apbct_email_id__wp_contact_form_7\"\n                    name=\"apbct__email_id__wp_contact_form_7\"\n                    aria-label=\"apbct__label_id__wp_contact_form_7\"\n                    type=\"text\" size=\"30\" maxlength=\"200\" autocomplete=\"off\"\n                    value=\"\"\n                \/><\/p>\n<div class=\"wpcf7-response-output\" aria-hidden=\"true\"><\/div>\n<input type=\"hidden\" name=\"trp-form-language\" value=\"es\"\/><\/form>\n<\/div>\n<\/div>\n\t\t<\/aside>\t\t<aside id=\"flatsome_recent_posts-17\" class=\"widget flatsome_recent_posts\">\t\t<span class=\"widget-title\"><span>\u00daltimas entradas<\/span><\/span><div class=\"is-divider small\"><\/div>\t\t<ul>\t\t\n\t\t\n\t\t<li class=\"recent-blog-posts-li\">\n\t\t\t<div class=\"flex-row recent-blog-posts align-top pt-half pb-half\">\n\t\t\t\t<div class=\"flex-col mr-half\">\n\t\t\t\t\t<div class=\"badge post-date  badge-outline\">\n\t\t\t\t\t\t\t<div class=\"badge-inner bg-fill\" style=\"background: url(https:\/\/www.aspiredental.com\/wp-content\/uploads\/2025\/10\/Clear-Aligners-Austin-TX-Book-a-Free-Consultation-Today-280x280.jpg); border:0;\">\n                                \t\t\t\t\t\t\t<\/div>\n\t\t\t\t\t<\/div>\n\t\t\t\t<\/div>\n\t\t\t\t<div class=\"flex-col flex-grow\">\n\t\t\t\t\t  <a href=\"https:\/\/www.aspiredental.com\/es\/su-guia-para-los-alineadores-transparentes-en-austin-tx\/\" title=\"Su gu\u00eda para los alineadores transparentes en Austin, TX\">Su gu\u00eda para los alineadores transparentes en Austin, TX<\/a>\n\t\t\t\t   \t  <span class=\"post_comments op-7 block is-xsmall\"><span data-no-translation=\"\" data-trp-gettext=\"\">Comentarios desactivados<span class=\"screen-reader-text\"> en Your Guide to Clear Aligners in Austin, TX<\/span><\/span><\/span>\n\t\t\t\t<\/div>\n\t\t\t<\/div>\n\t\t<\/li>\n\t\t\n\t\t\n\t\t<li class=\"recent-blog-posts-li\">\n\t\t\t<div class=\"flex-row recent-blog-posts align-top pt-half pb-half\">\n\t\t\t\t<div class=\"flex-col mr-half\">\n\t\t\t\t\t<div class=\"badge post-date  badge-outline\">\n\t\t\t\t\t\t\t<div class=\"badge-inner bg-fill\" style=\"background: url(https:\/\/www.aspiredental.com\/wp-content\/uploads\/2025\/10\/Dental-Implants-in-Brushy-Creek-TX-Book-a-Free-Consultation-280x280.jpg); border:0;\">\n                                \t\t\t\t\t\t\t<\/div>\n\t\t\t\t\t<\/div>\n\t\t\t\t<\/div>\n\t\t\t\t<div class=\"flex-col flex-grow\">\n\t\t\t\t\t  <a href=\"https:\/\/www.aspiredental.com\/es\/implantes-dentales-en-brushy-creek-tx\/\" title=\"Implantes Dentales en Brushy Creek, TX\">Implantes Dentales en Brushy Creek, TX<\/a>\n\t\t\t\t   \t  <span class=\"post_comments op-7 block is-xsmall\"><span data-no-translation=\"\" data-trp-gettext=\"\">Comentarios desactivados<span class=\"screen-reader-text\"> en Dental Implants in Brushy Creek, TX<\/span><\/span><\/span>\n\t\t\t\t<\/div>\n\t\t\t<\/div>\n\t\t<\/li>\n\t\t\n\t\t\n\t\t<li class=\"recent-blog-posts-li\">\n\t\t\t<div class=\"flex-row recent-blog-posts align-top pt-half pb-half\">\n\t\t\t\t<div class=\"flex-col mr-half\">\n\t\t\t\t\t<div class=\"badge post-date  badge-outline\">\n\t\t\t\t\t\t\t<div class=\"badge-inner bg-fill\" style=\"background: url(https:\/\/www.aspiredental.com\/wp-content\/uploads\/2025\/10\/Dental-Veneer-Treatment-in-Austin-TX-Book-a-Free-Consultation-280x280.jpg); border:0;\">\n                                \t\t\t\t\t\t\t<\/div>\n\t\t\t\t\t<\/div>\n\t\t\t\t<\/div>\n\t\t\t\t<div class=\"flex-col flex-grow\">\n\t\t\t\t\t  <a href=\"https:\/\/www.aspiredental.com\/es\/el-tratamiento-con-carillas-dentales-es-adecuado-para-su-sonrisa\/\" title=\"\u00bfEs el tratamiento con carillas dentales adecuado para su sonrisa?\">\u00bfEs el tratamiento con carillas dentales adecuado para su sonrisa?<\/a>\n\t\t\t\t   \t  <span class=\"post_comments op-7 block is-xsmall\"><span data-no-translation=\"\" data-trp-gettext=\"\">Comentarios desactivados<span class=\"screen-reader-text\"> en Is Dental Veneer Treatment Right for Your Smile?<\/span><\/span><\/span>\n\t\t\t\t<\/div>\n\t\t\t<\/div>\n\t\t<\/li>\n\t\t\n\t\t\n\t\t<li class=\"recent-blog-posts-li\">\n\t\t\t<div class=\"flex-row recent-blog-posts align-top pt-half pb-half\">\n\t\t\t\t<div class=\"flex-col mr-half\">\n\t\t\t\t\t<div class=\"badge post-date  badge-outline\">\n\t\t\t\t\t\t\t<div class=\"badge-inner bg-fill\" style=\"background: url(https:\/\/www.aspiredental.com\/wp-content\/uploads\/2025\/09\/Dental-Implants-in-Round-Rock-TX-Book-a-Free-Consultation-280x280.jpg); border:0;\">\n                                \t\t\t\t\t\t\t<\/div>\n\t\t\t\t\t<\/div>\n\t\t\t\t<\/div>\n\t\t\t\t<div class=\"flex-col flex-grow\">\n\t\t\t\t\t  <a href=\"https:\/\/www.aspiredental.com\/es\/conozca-sus-opciones-de-implantes-dentales-en-round-rock\/\" title=\"Comprender sus opciones para los implantes dentales en Round Rock\">Comprender sus opciones para los implantes dentales en Round Rock<\/a>\n\t\t\t\t   \t  <span class=\"post_comments op-7 block is-xsmall\"><span data-no-translation=\"\" data-trp-gettext=\"\">Comentarios desactivados<span class=\"screen-reader-text\"> en Understanding Your Options for Dental Implants in Round Rock<\/span><\/span><\/span>\n\t\t\t\t<\/div>\n\t\t\t<\/div>\n\t\t<\/li>\n\t\t\n\t\t\n\t\t<li class=\"recent-blog-posts-li\">\n\t\t\t<div class=\"flex-row recent-blog-posts align-top pt-half pb-half\">\n\t\t\t\t<div class=\"flex-col mr-half\">\n\t\t\t\t\t<div class=\"badge post-date  badge-outline\">\n\t\t\t\t\t\t\t<div class=\"badge-inner bg-fill\" style=\"background: url(https:\/\/www.aspiredental.com\/wp-content\/uploads\/2025\/09\/Sinus-Lift-in-Austin-TX-Book-a-Free-Implant-Consultation-Today-280x280.jpg); border:0;\">\n                                \t\t\t\t\t\t\t<\/div>\n\t\t\t\t\t<\/div>\n\t\t\t\t<\/div>\n\t\t\t\t<div class=\"flex-col flex-grow\">\n\t\t\t\t\t  <a href=\"https:\/\/www.aspiredental.com\/es\/implantes-dentales-y-perdida-osea-cuando-una-elevacion-de-seno-ayuda\/\" title=\"Implantes dentales y p\u00e9rdida \u00f3sea: cuando la elevaci\u00f3n de seno ayuda\">Implantes dentales y p\u00e9rdida \u00f3sea: cuando la elevaci\u00f3n de seno ayuda<\/a>\n\t\t\t\t   \t  <span class=\"post_comments op-7 block is-xsmall\"><span data-no-translation=\"\" data-trp-gettext=\"\">Comentarios desactivados<span class=\"screen-reader-text\"> en Dental Implants and Bone Loss: When a Sinus Lift Helps<\/span><\/span><\/span>\n\t\t\t\t<\/div>\n\t\t\t<\/div>\n\t\t<\/li>\n\t\t\t\t<\/ul>\t\t<\/aside><\/ul>\n\t\t<\/div>\n\t\t\t\t\t<\/div>\n\n\t\n<\/div>","protected":false},"excerpt":{"rendered":"","protected":false},"author":4,"featured_media":2144,"parent":0,"menu_order":0,"comment_status":"closed","ping_status":"closed","template":"","meta":{"rop_custom_images_group":[],"rop_custom_messages_group":[],"rop_publish_now":"initial","rop_publish_now_accounts":{"twitter_399582196_399582196":"","gmb_109265489736877664202_accounts\/109265489736877664202\/locations\/12153476330206885792":""},"rop_publish_now_history":[],"rop_publish_now_status":"pending","footnotes":""},"class_list":["post-1962","page","type-page","status-publish","has-post-thumbnail","hentry"],"yoast_head":"<!-- This site is optimized with the Yoast SEO plugin v27.1.1 - https:\/\/yoast.com\/product\/yoast-seo-wordpress\/ -->\n<title>Patient Forms Online | Fasttrack Your Treatment at Aspire Dental<\/title>\n<meta name=\"description\" content=\"Please print out the forms below and fill out to bring in to your first appointment. Thank you and we are looking forward to seeing you soon.\" \/>\n<meta name=\"robots\" content=\"index, follow, max-snippet:-1, max-image-preview:large, max-video-preview:-1\" \/>\n<link rel=\"canonical\" href=\"https:\/\/www.aspiredental.com\/es\/formularios-para-pacientes\/\" \/>\n<meta property=\"og:locale\" content=\"es_MX\" \/>\n<meta property=\"og:type\" content=\"article\" \/>\n<meta property=\"og:title\" content=\"Patient Forms Online | Fasttrack Your Treatment at Aspire Dental\" \/>\n<meta property=\"og:description\" content=\"Please print out the forms below and fill out to bring in to your first appointment. Thank you and we are looking forward to seeing you soon.\" \/>\n<meta property=\"og:url\" content=\"https:\/\/www.aspiredental.com\/es\/formularios-para-pacientes\/\" \/>\n<meta property=\"og:site_name\" content=\"Aspire Dental - Brandon Hall, DDS\" \/>\n<meta property=\"article:publisher\" content=\"https:\/\/www.facebook.com\/aspiredentalaustin\/\" \/>\n<meta property=\"article:modified_time\" content=\"2024-02-05T07:06:59+00:00\" \/>\n<meta property=\"og:image\" content=\"https:\/\/www.aspiredental.com\/wp-content\/uploads\/2023\/10\/Does-Dental-Insurance-Cover-Implant-Dentures-Dr.-Brandon-Hall.jpg\" \/>\n\t<meta property=\"og:image:width\" content=\"500\" \/>\n\t<meta property=\"og:image:height\" content=\"334\" \/>\n\t<meta property=\"og:image:type\" content=\"image\/jpeg\" \/>\n<meta name=\"twitter:card\" content=\"summary_large_image\" \/>\n<meta name=\"twitter:label1\" content=\"Tiempo de lectura\" \/>\n\t<meta name=\"twitter:data1\" content=\"1 minuto\" \/>\n<script type=\"application\/ld+json\" class=\"yoast-schema-graph\">{\"@context\":\"https:\/\/schema.org\",\"@graph\":[{\"@type\":\"WebPage\",\"@id\":\"https:\/\/www.aspiredental.com\/patient-forms\/\",\"url\":\"https:\/\/www.aspiredental.com\/patient-forms\/\",\"name\":\"Patient Forms Online | Fasttrack Your Treatment at Aspire Dental\",\"isPartOf\":{\"@id\":\"https:\/\/www.aspiredental.com\/#website\"},\"primaryImageOfPage\":{\"@id\":\"https:\/\/www.aspiredental.com\/patient-forms\/#primaryimage\"},\"image\":{\"@id\":\"https:\/\/www.aspiredental.com\/patient-forms\/#primaryimage\"},\"thumbnailUrl\":\"https:\/\/www.aspiredental.com\/wp-content\/uploads\/2023\/10\/Does-Dental-Insurance-Cover-Implant-Dentures-Dr.-Brandon-Hall.jpg\",\"datePublished\":\"2023-10-24T02:23:58+00:00\",\"dateModified\":\"2024-02-05T07:06:59+00:00\",\"description\":\"Please print out the forms below and fill out to bring in to your first appointment. Thank you and we are looking forward to seeing you soon.\",\"breadcrumb\":{\"@id\":\"https:\/\/www.aspiredental.com\/patient-forms\/#breadcrumb\"},\"inLanguage\":\"es\",\"potentialAction\":[{\"@type\":\"ReadAction\",\"target\":[\"https:\/\/www.aspiredental.com\/patient-forms\/\"]}]},{\"@type\":\"ImageObject\",\"inLanguage\":\"es\",\"@id\":\"https:\/\/www.aspiredental.com\/patient-forms\/#primaryimage\",\"url\":\"https:\/\/www.aspiredental.com\/wp-content\/uploads\/2023\/10\/Does-Dental-Insurance-Cover-Implant-Dentures-Dr.-Brandon-Hall.jpg\",\"contentUrl\":\"https:\/\/www.aspiredental.com\/wp-content\/uploads\/2023\/10\/Does-Dental-Insurance-Cover-Implant-Dentures-Dr.-Brandon-Hall.jpg\",\"width\":500,\"height\":334,\"caption\":\"Does Dental Insurance Cover Implant Dentures Dr. Brandon Hall\"},{\"@type\":\"BreadcrumbList\",\"@id\":\"https:\/\/www.aspiredental.com\/patient-forms\/#breadcrumb\",\"itemListElement\":[{\"@type\":\"ListItem\",\"position\":1,\"name\":\"Home\",\"item\":\"https:\/\/www.aspiredental.com\/\"},{\"@type\":\"ListItem\",\"position\":2,\"name\":\"Patient Forms\"}]},{\"@type\":\"WebSite\",\"@id\":\"https:\/\/www.aspiredental.com\/#website\",\"url\":\"https:\/\/www.aspiredental.com\/\",\"name\":\"Aspire Dental - Brandon Hall, DDS\",\"description\":\"Mini Dental Implants in Austin, TX\",\"publisher\":{\"@id\":\"https:\/\/www.aspiredental.com\/#organization\"},\"potentialAction\":[{\"@type\":\"SearchAction\",\"target\":{\"@type\":\"EntryPoint\",\"urlTemplate\":\"https:\/\/www.aspiredental.com\/?s={search_term_string}\"},\"query-input\":{\"@type\":\"PropertyValueSpecification\",\"valueRequired\":true,\"valueName\":\"search_term_string\"}}],\"inLanguage\":\"es\"},{\"@type\":\"Organization\",\"@id\":\"https:\/\/www.aspiredental.com\/#organization\",\"name\":\"Mini Dental Implants in Austin, TX\",\"url\":\"https:\/\/www.aspiredental.com\/\",\"logo\":{\"@type\":\"ImageObject\",\"inLanguage\":\"es\",\"@id\":\"https:\/\/www.aspiredental.com\/#\/schema\/logo\/image\/\",\"url\":\"https:\/\/www.aspiredental.com\/wp-content\/uploads\/2023\/10\/c24ecdc9-de5a-4430-9988-8d90963d839e.png\",\"contentUrl\":\"https:\/\/www.aspiredental.com\/wp-content\/uploads\/2023\/10\/c24ecdc9-de5a-4430-9988-8d90963d839e.png\",\"width\":1000,\"height\":500,\"caption\":\"Mini Dental Implants in Austin, TX\"},\"image\":{\"@id\":\"https:\/\/www.aspiredental.com\/#\/schema\/logo\/image\/\"},\"sameAs\":[\"https:\/\/www.facebook.com\/aspiredentalaustin\/\",\"https:\/\/www.youtube.com\/channel\/UCrlKRsc6FIRJy_JzYaUndnw\"]}]}<\/script>\n<!-- \/ Yoast SEO plugin. -->","yoast_head_json":{"title":"Formularios para pacientes en l\u00ednea | Acelere su tratamiento en Aspire Dental","description":"Por favor, imprima los siguientes formularios y rell\u00e9nelos para traerlos a su primera cita. Gracias y esperamos verle pronto.","robots":{"index":"index","follow":"follow","max-snippet":"max-snippet:-1","max-image-preview":"max-image-preview:large","max-video-preview":"max-video-preview:-1"},"canonical":"https:\/\/www.aspiredental.com\/es\/formularios-para-pacientes\/","og_locale":"es_MX","og_type":"article","og_title":"Patient Forms Online | Fasttrack Your Treatment at Aspire Dental","og_description":"Please print out the forms below and fill out to bring in to your first appointment. Thank you and we are looking forward to seeing you soon.","og_url":"https:\/\/www.aspiredental.com\/es\/formularios-para-pacientes\/","og_site_name":"Aspire Dental - Brandon Hall, DDS","article_publisher":"https:\/\/www.facebook.com\/aspiredentalaustin\/","article_modified_time":"2024-02-05T07:06:59+00:00","og_image":[{"width":500,"height":334,"url":"https:\/\/www.aspiredental.com\/wp-content\/uploads\/2023\/10\/Does-Dental-Insurance-Cover-Implant-Dentures-Dr.-Brandon-Hall.jpg","type":"image\/jpeg"}],"twitter_card":"summary_large_image","twitter_misc":{"Tiempo de lectura":"1 minuto"},"schema":{"@context":"https:\/\/schema.org","@graph":[{"@type":"WebPage","@id":"https:\/\/www.aspiredental.com\/patient-forms\/","url":"https:\/\/www.aspiredental.com\/patient-forms\/","name":"Formularios para pacientes en l\u00ednea | Acelere su tratamiento en Aspire Dental","isPartOf":{"@id":"https:\/\/www.aspiredental.com\/#website"},"primaryImageOfPage":{"@id":"https:\/\/www.aspiredental.com\/patient-forms\/#primaryimage"},"image":{"@id":"https:\/\/www.aspiredental.com\/patient-forms\/#primaryimage"},"thumbnailUrl":"https:\/\/www.aspiredental.com\/wp-content\/uploads\/2023\/10\/Does-Dental-Insurance-Cover-Implant-Dentures-Dr.-Brandon-Hall.jpg","datePublished":"2023-10-24T02:23:58+00:00","dateModified":"2024-02-05T07:06:59+00:00","description":"Por favor, imprima los siguientes formularios y rell\u00e9nelos para traerlos a su primera cita. Gracias y esperamos verle pronto.","breadcrumb":{"@id":"https:\/\/www.aspiredental.com\/patient-forms\/#breadcrumb"},"inLanguage":"es","potentialAction":[{"@type":"ReadAction","target":["https:\/\/www.aspiredental.com\/patient-forms\/"]}]},{"@type":"ImageObject","inLanguage":"es","@id":"https:\/\/www.aspiredental.com\/patient-forms\/#primaryimage","url":"https:\/\/www.aspiredental.com\/wp-content\/uploads\/2023\/10\/Does-Dental-Insurance-Cover-Implant-Dentures-Dr.-Brandon-Hall.jpg","contentUrl":"https:\/\/www.aspiredental.com\/wp-content\/uploads\/2023\/10\/Does-Dental-Insurance-Cover-Implant-Dentures-Dr.-Brandon-Hall.jpg","width":500,"height":334,"caption":"Does Dental Insurance Cover Implant Dentures Dr. Brandon Hall"},{"@type":"BreadcrumbList","@id":"https:\/\/www.aspiredental.com\/patient-forms\/#breadcrumb","itemListElement":[{"@type":"ListItem","position":1,"name":"Home","item":"https:\/\/www.aspiredental.com\/"},{"@type":"ListItem","position":2,"name":"Patient Forms"}]},{"@type":"WebSite","@id":"https:\/\/www.aspiredental.com\/#website","url":"https:\/\/www.aspiredental.com\/","name":"Aspire Dental - Brandon Hall, DDS","description":"Mini Implantes Dentales en Austin, TX","publisher":{"@id":"https:\/\/www.aspiredental.com\/#organization"},"potentialAction":[{"@type":"SearchAction","target":{"@type":"EntryPoint","urlTemplate":"https:\/\/www.aspiredental.com\/?s={search_term_string}"},"query-input":{"@type":"PropertyValueSpecification","valueRequired":true,"valueName":"search_term_string"}}],"inLanguage":"es"},{"@type":"Organization","@id":"https:\/\/www.aspiredental.com\/#organization","name":"Mini Implantes Dentales en Austin, TX","url":"https:\/\/www.aspiredental.com\/","logo":{"@type":"ImageObject","inLanguage":"es","@id":"https:\/\/www.aspiredental.com\/#\/schema\/logo\/image\/","url":"https:\/\/www.aspiredental.com\/wp-content\/uploads\/2023\/10\/c24ecdc9-de5a-4430-9988-8d90963d839e.png","contentUrl":"https:\/\/www.aspiredental.com\/wp-content\/uploads\/2023\/10\/c24ecdc9-de5a-4430-9988-8d90963d839e.png","width":1000,"height":500,"caption":"Mini Dental Implants in Austin, TX"},"image":{"@id":"https:\/\/www.aspiredental.com\/#\/schema\/logo\/image\/"},"sameAs":["https:\/\/www.facebook.com\/aspiredentalaustin\/","https:\/\/www.youtube.com\/channel\/UCrlKRsc6FIRJy_JzYaUndnw"]}]}},"_links":{"self":[{"href":"https:\/\/www.aspiredental.com\/es\/wp-json\/wp\/v2\/pages\/1962","targetHints":{"allow":["GET"]}}],"collection":[{"href":"https:\/\/www.aspiredental.com\/es\/wp-json\/wp\/v2\/pages"}],"about":[{"href":"https:\/\/www.aspiredental.com\/es\/wp-json\/wp\/v2\/types\/page"}],"author":[{"embeddable":true,"href":"https:\/\/www.aspiredental.com\/es\/wp-json\/wp\/v2\/users\/4"}],"replies":[{"embeddable":true,"href":"https:\/\/www.aspiredental.com\/es\/wp-json\/wp\/v2\/comments?post=1962"}],"version-history":[{"count":0,"href":"https:\/\/www.aspiredental.com\/es\/wp-json\/wp\/v2\/pages\/1962\/revisions"}],"wp:featuredmedia":[{"embeddable":true,"href":"https:\/\/www.aspiredental.com\/es\/wp-json\/wp\/v2\/media\/2144"}],"wp:attachment":[{"href":"https:\/\/www.aspiredental.com\/es\/wp-json\/wp\/v2\/media?parent=1962"}],"curies":[{"name":"wp","href":"https:\/\/api.w.org\/{rel}","templated":true}]}}